{"id":1385,"date":"2017-05-11T20:28:46","date_gmt":"2017-05-11T17:28:46","guid":{"rendered":"https:\/\/bcdr.org\/?page_id=1385\/"},"modified":"2018-03-21T15:50:01","modified_gmt":"2018-03-21T12:50:01","slug":"clause-darbitrage-type","status":"publish","type":"page","link":"https:\/\/bcdr.org\/fr\/clause-darbitrage-type\/","title":{"rendered":"Clause d'arbitrage type 2017"},"content":{"rendered":"<div class=\"wpe-box wpe-box-note\" style=\"text-align: justify;\">\n<p>\u00ab Tout litige d\u00e9coulant du contrat ou en relation avec lui ainsi que toute question relative \u00e0 son existence, sa validit\u00e9 ou sa terminaison seront r\u00e9gl\u00e9s d'une mani\u00e8re d\u00e9finitive par arbitrage conform\u00e9ment au R\u00e8glement d'arbitrage de la Chambre de Bahre\u00efn pour le R\u00e8glement des diff\u00e9rends.<\/p>\n<p>Le tribunal arbitral sera constitu\u00e9 de [sp\u00e9cifier un ou trois] arbitre[s].<\/p>\n<p>Le lieu de l'arbitrage sera [sp\u00e9cifier ville et pays].<\/p>\n<p>La langue de l'arbitrage sera [sp\u00e9cifier langue] \u00bb.<\/p>\n<\/div>\n<h3 style=\"text-align: justify;\">Notes<\/h3>\n<p>Les parties peuvent \u00e9galement d\u00e9terminer dans la clause d'arbitrage la loi que le tribunal appliquera au fond du litige.<\/p>\n<p>La chambre est pr\u00eate \u00e0 discuter de tous les points relatifs \u00e0 la r\u00e9daction d'une clause d'arbitrage, y compris des dispositions relatives \u00e0 la nomination des arbitres par les parties.<\/p>\n","protected":false},"excerpt":{"rendered":"<p>\u00ab Tout litige d\u00e9coulant du contrat ou en relation avec lui ainsi que toute question relative \u00e0 son existence, sa validit\u00e9 ou sa terminaison seront r\u00e9gl\u00e9s d'une mani\u00e8re d\u00e9finitive par arbitrage conform\u00e9ment au R\u00e8glement d'arbitrage de la Chambre de Bahre\u00efn <a href=\"https:\/\/bcdr.org\/fr\/clause-darbitrage-type\/\" class=\"read-more\">Read More ...<\/a><\/p>\n","protected":false},"author":1,"featured_media":0,"parent":0,"menu_order":0,"comment_status":"closed","ping_status":"closed","template":"","meta":{"pgc_sgb_lightbox_settings":"","footnotes":""},"class_list":["post-1385","page","type-page","status-publish","hentry"],"_links":{"self":[{"href":"https:\/\/bcdr.org\/fr\/wp-json\/wp\/v2\/pages\/1385","targetHints":{"allow":["GET"]}}],"collection":[{"href":"https:\/\/bcdr.org\/fr\/wp-json\/wp\/v2\/pages"}],"about":[{"href":"https:\/\/bcdr.org\/fr\/wp-json\/wp\/v2\/types\/page"}],"author":[{"embeddable":true,"href":"https:\/\/bcdr.org\/fr\/wp-json\/wp\/v2\/users\/1"}],"replies":[{"embeddable":true,"href":"https:\/\/bcdr.org\/fr\/wp-json\/wp\/v2\/comments?post=1385"}],"version-history":[{"count":0,"href":"https:\/\/bcdr.org\/fr\/wp-json\/wp\/v2\/pages\/1385\/revisions"}],"wp:attachment":[{"href":"https:\/\/bcdr.org\/fr\/wp-json\/wp\/v2\/media?parent=1385"}],"curies":[{"name":"wp","href":"https:\/\/api.w.org\/{rel}","templated":true}]}}