{"id":2135,"date":"2017-05-14T16:42:54","date_gmt":"2017-05-14T13:42:54","guid":{"rendered":"https:\/\/bcdr.org\/?page_id=2135"},"modified":"2024-02-29T13:56:20","modified_gmt":"2024-02-29T10:56:20","slug":"nassib-g-ziade","status":"publish","type":"page","link":"https:\/\/bcdr.org\/fr\/secretariat\/nassib-g-ziade\/","title":{"rendered":"Nassib G. Ziad\u00e9"},"content":{"rendered":"<p style=\"text-align: justify;\"><img loading=\"lazy\" decoding=\"async\" class=\"wp-image-7476 size-medium alignleft\" src=\"https:\/\/s3.bcdr.org\/\/Nassib-Photo-249x300.jpg\" alt=\"\" width=\"249\" height=\"300\" srcset=\"https:\/\/s3.bcdr.org\/Nassib-Photo-249x300.jpg 249w, https:\/\/s3.bcdr.org\/Nassib-Photo-125x150.jpg 125w, https:\/\/s3.bcdr.org\/Nassib-Photo-768x924.jpg 768w, https:\/\/s3.bcdr.org\/Nassib-Photo-851x1024.jpg 851w, https:\/\/s3.bcdr.org\/Nassib-Photo-224x270.jpg 224w\" sizes=\"auto, (max-width: 249px) 100vw, 249px\" \/>Nassib G. Ziad\u00e9 a \u00e9t\u00e9 Pr\u00e9sident-directeur g\u00e9n\u00e9ral de la Chambre de Bahre\u00efn pour le r\u00e8glement des diff\u00e9rends (BCDR) de 2013 \u00e0 2023. Il a exerc\u00e9 les fonctions de Directeur du Centre d'arbitrage international de Duba\u00ef (DIAC) de juillet 2011 \u00e0 ao\u00fbt 2013. Il a \u00e9t\u00e9 Secr\u00e9taire g\u00e9n\u00e9ral adjoint du Centre international pour le r\u00e8glement des diff\u00e9rends relatifs aux investissements (CIRDI) de 2007 \u00e0 2011 et Secr\u00e9taire g\u00e9n\u00e9ral par int\u00e9rim du CIRDI d'avril 2008 \u00e0 juin 2009. Il lit, \u00e9crit et parle couramment l'arabe, l'anglais et le fran\u00e7ais et a une connaissance technique de l'espagnol.<\/p>\n<p style=\"text-align: justify;\">M. Ziad\u00e9 a une grande exp\u00e9rience des r\u00e8glements de plusieurs institutions d'arbitrage, ayant \u00e9t\u00e9 d\u00e9sign\u00e9 comme pr\u00e9sident ou co-arbitre dans des arbitrages internationaux en mati\u00e8re d'investissement, de construction et de commerce se d\u00e9roulant en arabe, fran\u00e7ais ou anglais sous l'\u00e9gide de la Cour internationale d'arbitrage de la Chambre de commerce internationale (CCI), du CIRDI (Convention et M\u00e9canisme suppl\u00e9mentaire), de la Cour permanente d'arbitrage (CPA), du Centre r\u00e9gional d'arbitrage commercial international du Caire (CRCICA), du Centre d'Abou Dhabi pour la conciliation et l'arbitrage commerciaux (ADCCAC), du DIAC et du Centre d'arbitrage international de Singapour (SIAC), aussi bien que dans des arbitrages <em>ad hoc<\/em> dont certains conform\u00e9ment au R\u00e8glement de la CNUDCI.<\/p>\n<p style=\"text-align: justify;\">M. Ziad\u00e9 est membre du Conseil d'administration et vice-pr\u00e9sident du Comit\u00e9 consultatif du CRCICA, membre du Comit\u00e9 consultatif international du Centre international pour le r\u00e8glement des conflits (ICDR\/AAA) et ancien membre de la Cour de la London Court of International Arbitration (LCIA). Il est membre de la CPA, membre des Listes d'arbitres et de conciliateurs du CIRDI et vice-pr\u00e9sident de la F\u00e9d\u00e9ration internationale des institutions d'arbitrage commercial (IFCAI).<\/p>\n<p style=\"text-align: justify;\">M. Ziad\u00e9 a une grande exp\u00e9rience dans l'administration des proc\u00e9dures juridiques internationales et dans le d\u00e9veloppement des tribunaux internationaux. Il est expert en droit international priv\u00e9 et droit international public, en droit de l'arbitrage international, en droit des investissements internationaux, en droit administratif international et dans le domaine des conflits d'int\u00e9r\u00eats. De 1997 \u00e0 2007, il a exerc\u00e9 les fonctions de Secr\u00e9taire ex\u00e9cutif du Tribunal administratif de la Banque mondiale. Il est juge au Tribunal administratif du Fonds mon\u00e9taire international (FMI).<\/p>\n<p style=\"text-align: justify;\">M. Ziad\u00e9 est Professeur invit\u00e9 \u00e0 la facult\u00e9 de droit de l'Universit\u00e9 de Miami et \u00e0 la facult\u00e9 de droit de l'Universit\u00e9 Saint-Joseph de Beyrouth ainsi qu'\u00e0 la facult\u00e9 de droit de l'Universit\u00e9 Saint-Joseph de Duba\u00ef. Il est \u00e9galement membre du Comit\u00e9 ex\u00e9cutif de l'Universit\u00e9 Saint-Joseph de Duba\u00ef. Il a \u00e9galement enseign\u00e9 \u00e0 l'Universit\u00e9 de Paris 1 (Panth\u00e9on-Sorbonne) et aux Universit\u00e9s du Chili et de Heidelberg \u00e0 Santiago, ainsi qu'\u00e0 l'Acad\u00e9mie internationale du droit de l'arbitrage \u00e0 Paris. Il a donn\u00e9 un cours intitul\u00e9 \u00ab\u00a0L'ind\u00e9pendance des instances d'arbitrage \u00e9tablies dans le cadre des organisations internationales\u00a0\u00bb au sein de la section de droit international public \u00e0 l'Acad\u00e9mie de droit international de La Haye en 2012.<\/p>\n<p style=\"text-align: justify;\">M. Ziad\u00e9 a publi\u00e9 divers articles et ouvrages en droit international et en droit de l'arbitrage. Il participe souvent en tant qu'intervenant \u00e0 des colloques de droit dans diverses r\u00e9gions du monde. M. Ziad\u00e9 a fond\u00e9 la <em>BCDR International Arbitration Review<\/em> dont il est le R\u00e9dacteur en chef. Il a \u00e9t\u00e9 R\u00e9dacteur en chef de la <em>ICSID Review--Foreign Investment Law Journal<\/em>. Il est membre du comit\u00e9 scientifique de <em>International Legal Materials<\/em> et de\u00a0l'<em>International Journal of Arab Arbitration<\/em>. Il est membre du Conseil ex\u00e9cutif de la Soci\u00e9t\u00e9 am\u00e9ricaine pour le droit international (ASIL), et a \u00e9t\u00e9 membre du Comit\u00e9 consultatif du Centre Lautrepacht pour le droit international de l'Universit\u00e9 de Cambridge.<\/p>\n","protected":false},"excerpt":{"rendered":"<p>Nassib G. Ziad\u00e9 a \u00e9t\u00e9 Pr\u00e9sident-directeur g\u00e9n\u00e9ral de la Chambre de Bahre\u00efn pour le r\u00e8glement des diff\u00e9rends (BCDR) de 2013 \u00e0 2023. Il a exerc\u00e9 les fonctions de Directeur du Centre d'arbitrage international de Duba\u00ef (DIAC) de juillet 2011 \u00e0 <a href=\"https:\/\/bcdr.org\/fr\/secretariat\/nassib-g-ziade\/\" class=\"read-more\">Read More ...<\/a><\/p>\n","protected":false},"author":1,"featured_media":0,"parent":8034,"menu_order":0,"comment_status":"closed","ping_status":"closed","template":"","meta":{"pgc_sgb_lightbox_settings":"","footnotes":""},"class_list":["post-2135","page","type-page","status-publish","hentry"],"_links":{"self":[{"href":"https:\/\/bcdr.org\/fr\/wp-json\/wp\/v2\/pages\/2135","targetHints":{"allow":["GET"]}}],"collection":[{"href":"https:\/\/bcdr.org\/fr\/wp-json\/wp\/v2\/pages"}],"about":[{"href":"https:\/\/bcdr.org\/fr\/wp-json\/wp\/v2\/types\/page"}],"author":[{"embeddable":true,"href":"https:\/\/bcdr.org\/fr\/wp-json\/wp\/v2\/users\/1"}],"replies":[{"embeddable":true,"href":"https:\/\/bcdr.org\/fr\/wp-json\/wp\/v2\/comments?post=2135"}],"version-history":[{"count":0,"href":"https:\/\/bcdr.org\/fr\/wp-json\/wp\/v2\/pages\/2135\/revisions"}],"up":[{"embeddable":true,"href":"https:\/\/bcdr.org\/fr\/wp-json\/wp\/v2\/pages\/8034"}],"wp:attachment":[{"href":"https:\/\/bcdr.org\/fr\/wp-json\/wp\/v2\/media?parent=2135"}],"curies":[{"name":"wp","href":"https:\/\/api.w.org\/{rel}","templated":true}]}}