{"id":4124,"date":"2018-09-26T19:16:09","date_gmt":"2018-09-26T16:16:09","guid":{"rendered":"https:\/\/bcdr.org\/?page_id=4124"},"modified":"2018-11-13T11:45:32","modified_gmt":"2018-11-13T08:45:32","slug":"la-conference-conjointe-bcdr-aaa-scc-sur-les-questions-importantes-dans-larbitrage-dinvestissement","status":"publish","type":"page","link":"https:\/\/bcdr.org\/fr\/la-conference-conjointe-bcdr-aaa-scc-sur-les-questions-importantes-dans-larbitrage-dinvestissement\/","title":{"rendered":"La Conf\u00e9rence conjointe BCDR-AAA\/SCC sur les questions importantes dans l\u2019arbitrage d\u2019investissement"},"content":{"rendered":"<div class=\"wpb-content-wrapper\"><p>[vc_row][vc_column][vc_single_image image=\"3985\" img_size=\"full\" alignment=\"center\"][\/vc_column][\/vc_row][vc_row][vc_column][vc_custom_heading source=\"post_title\" font_container=\"tag:h1|text_align:center\" use_theme_fonts=\"yes\"][\/vc_column][\/vc_row][vc_row][vc_column][vc_custom_heading text=\"Sous le patronage de\" use_theme_fonts=\"yes\" css=\".vc_custom_1541430837425{padding-left: 100px !important;}\"][\/vc_column][\/vc_row][vc_row][vc_column width=\"1\/2\"][vc_single_image image=\"4175\" img_size=\"medium\" alignment=\"center\"][\/vc_column][vc_column width=\"1\/2\"][vc_single_image image=\"4178\" img_size=\"medium\" alignment=\"center\"][\/vc_column][\/vc_row][vc_row][vc_column][vc_custom_heading text=\"le dimanche 18 novembre 2018<br \/>\nART Rotana Hotel and Resort dans les \u00eeles Amwaj au Royaume de Bahre\u00efn\" font_container=\"tag:h2|text_align:center\" use_theme_fonts=\"yes\"][\/vc_column][\/vc_row][vc_row][vc_column][vc_separator][\/vc_column][\/vc_row][vc_row][vc_column][vc_tta_tabs style=\"modern\" alignment=\"center\" active_section=\"1\" pagination_style=\"flat-square\" no_fill_content_area=\"true\"][vc_tta_section i_icon_fontawesome=\"fa fa-info\" add_icon=\"true\" title=\"Inscription et information\" tab_id=\"1537965919455-2a1971fc-0c36\"][vc_row_inner][vc_column_inner width=\"1\/2\"][vc_btn title=\"Le programme de la conf\u00e9rence\" color=\"primary\" align=\"center\" link=\"url:https%3A%2F%2Fbcdr.org%2Fwp-content%2Fuploads%2FBCDR-AAA-SCC-Conference-Program-FR.pdf||target:%20_blank|\" el_id=\"btn-conf-prog-1\"][\/vc_column_inner][vc_column_inner width=\"1\/2\"][vc_btn title=\"Inscrivez-vous \u00e0 la conf\u00e9rence\" color=\"primary\" align=\"center\" link=\"url:https%3A%2F%2Fbahrainchamberfordisputeresolution.formstack.com%2Fforms%2Fbcdr_aaa_scc_joint_conference_on_salient_issues_in_investment_arbitration|||\" el_id=\"btn-conf-prog-2\"][\/vc_column_inner][\/vc_row_inner][\/vc_tta_section][vc_tta_section i_icon_fontawesome=\"fa fa-map-marker\" add_icon=\"true\" title=\"Lieu\" tab_id=\"1537974639777-760a7786-a88a\"][vc_column_text]<\/p>\n<hr \/>\n<h2 style=\"text-align: center;\">ART Rotana Hotel &amp; Resort<\/h2>\n<p><span class=\"LrzXr\"><img loading=\"lazy\" decoding=\"async\" class=\"alignleft wp-image-3995 size-medium\" src=\"https:\/\/s3.bcdr.org\/39790901-300x200.jpg\" alt=\"\" width=\"300\" height=\"200\" srcset=\"https:\/\/s3.bcdr.org\/39790901-300x200.jpg 300w, https:\/\/s3.bcdr.org\/39790901-150x100.jpg 150w, https:\/\/s3.bcdr.org\/39790901-768x512.jpg 768w, https:\/\/s3.bcdr.org\/39790901.jpg 1024w, https:\/\/s3.bcdr.org\/39790901-360x240.jpg 360w\" sizes=\"auto, (max-width: 300px) 100vw, 300px\" \/><\/span><\/p>\n<p><span class=\"LrzXr\">Address: Al Fanar Avenue Road 5722, Building 2780, Amwaj Islands, Bahrain<\/span><\/p>\n<p>Phone:\u00a0+973 1600 0111<\/p>\n<p>Website:\u00a0<a href=\"https:\/\/www.rotana.com\/rotanahotelandresorts\/bahrain\/manama\/artrotana\">https:\/\/www.rotana.com\/rotanahotelandresorts\/bahrain\/manama\/artrotana\u00a0<\/a>[\/vc_column_text][vc_gmaps link=\"#E-8_JTNDaWZyYW1lJTIwc3JjJTNEJTIyaHR0cHMlM0ElMkYlMkZ3d3cuZ29vZ2xlLmNvbSUyRm1hcHMlMkZlbWJlZCUzRnBiJTNEJTIxMW0xOCUyMTFtMTIlMjExbTMlMjExZDM1NzcuMTE3NTUxMDU1NzMzJTIxMmQ1MC42NTc5MjgzMTYxNDEyNCUyMTNkMjYuMjkwMjg4OTgzMzk5NzM3JTIxMm0zJTIxMWYwJTIxMmYwJTIxM2YwJTIxM20yJTIxMWkxMDI0JTIxMmk3NjglMjE0ZjEzLjElMjEzbTMlMjExbTIlMjExczB4M2U0OWE3OTdiNzBkM2Q3MSUyNTNBMHg5MDcyYTkzNTk4M2U3ZmEzJTIxMnNBUlQlMkJSb3RhbmElMkJIb3RlbCUyQiUyNTI2JTJCUmVzb3J0JTIxNWUwJTIxM20yJTIxMXNlbiUyMTJzYmglMjE0djE1Mzc5Nzc5NzQ5MTAlMjIlMjB3aWR0aCUzRCUyMjYwMCUyMiUyMGhlaWdodCUzRCUyMjQ1MCUyMiUyMGZyYW1lYm9yZGVyJTNEJTIyMCUyMiUyMHN0eWxlJTNEJTIyYm9yZGVyJTNBMCUyMiUyMGFsbG93ZnVsbHNjcmVlbiUzRSUzQyUyRmlmcmFtZSUzRQ==\"][\/vc_tta_section][vc_tta_section i_icon_fontawesome=\"fa fa-bed\" add_icon=\"true\" title=\"L'h\u00e9bergement \u00e0 taux pr\u00e9f\u00e9rentiel\" tab_id=\"1537965919454-6fb8a492-f98a\"][vc_column_text]<\/p>\n<hr \/>\n<h3><strong>ART Rotana (5*) event venue<\/strong><\/h3>\n<p>Located at Amwaj Islands,\u00a0ART Rotana\u00a0is surrounded by the crystal clear blue waters of the Arabian Gulf.<\/p>\n<p>Bahrain International Airport is a 15 minute drive from the hotel and Manama city center is just 20 minutes away.<\/p>\n<p><strong>Rates (inclusive of breakfast)\u00a0<\/strong><\/p>\n<p>Classic Seaview Room BHD 60 <em>(subject to 10% Service Charge and 10% Government Levy)<\/em><\/p>\n<p><strong>Contact Information<\/strong><\/p>\n<p>Kindly fill out the booking form in the following link: <a href=\"https:\/\/emea01.safelinks.protection.outlook.com\/?url=http%3A%2F%2Froho.it%2Furryk&amp;data=02%7C01%7Caishaq%40bcdr.org%7C080abb7d45a84f11636908d61bd42fd3%7C52b855b25b854a28b1206b19fb55f0a2%7C0%7C0%7C636726995503349654&amp;sdata=rcV0Pxyy8z%2FVFM69LTtqqnltY2dxn6j8XtyPkp7FbYk%3D&amp;reserved=0\">http:\/\/roho.it\/urryk<\/a><\/p>\n<hr \/>\n<h3><strong>The Grove Hotel &amp; Conference Centre Bahrain (5*) 600 meter from the event venue (5 minutes walk)<\/strong><\/h3>\n<p>This property is 6 minutes walk from the beach. The Grove Hotel &amp; Conference Centre Bahrain is located in the heart of Amwaj Island. Bahrain International Airport is a 15 minute drive from the hotel, and Manama city center is just 20 minutes away.<\/p>\n<p><strong>Rates (inclusive of breakfast)\u00a0<\/strong><\/p>\n<p>Premium Room BHD 45 <em>(inclusive of 10% Service Charge and 10% Government Levy)<\/em><\/p>\n<p><strong>Contact Information<\/strong><\/p>\n<p><a href=\"mailto:reservations@thegrovehotelbahrain.com\">reservations@thegrovehotelbahrain.com<\/a><\/p>\n<hr \/>\n<h3><strong>The Diplomat Radisson Blu (5*) 14 km (20 minutes drive to the event venue)\u00a0<\/strong><\/h3>\n<p>The 5-star Radisson Blu is located in Manama's prestigious diplomatic area, just 5 minutes' drive from Bahrain International Airport and many cultural landmarks while still offering the tranquility of the suburbs and views of the picturesque Arabian Gulf.<\/p>\n<p><strong>Rates (inclusive of breakfast)\u00a0<\/strong><\/p>\n<p>Single standard room BHD 50 <em>(subject to 10% Service Charge and 10% Government Levy)<\/em><\/p>\n<p>Double standard room BHD 55 <em>(subject to 10% Service Charge and 10% Government Levy)<\/em><\/p>\n<p>Kindly fill out the booking form in the following link: <a href=\"https:\/\/goo.gl\/QPKndR\">https:\/\/goo.gl\/QPKndR<\/a><\/p>\n<hr \/>\n<p>[\/vc_column_text][\/vc_tta_section][vc_tta_section i_icon_fontawesome=\"fa fa-handshake-o\" add_icon=\"true\" title=\"Les opportunit\u00e9s de patronage\" tab_id=\"1538042620897-ffff869a-3777\"][vc_column_text]<\/p>\n<hr \/>\n<h2>Les opportunit\u00e9s de patronage sont ouvertes pour cet \u00e9v\u00e9nement<\/h2>\n<p>Pri\u00e8re de consulter le d\u00e9tail des\u00a0<a href=\"https:\/\/s3.bcdr.org\/NOV-Sponsorship-Opp-SCC.pdf\"><u>opportunit\u00e9s de patronage\u00a0<\/u><\/a>[\/vc_column_text][\/vc_tta_section][\/vc_tta_tabs][\/vc_column][\/vc_row][vc_row][vc_column][vc_custom_heading text=\"Parrains\" use_theme_fonts=\"yes\" css=\".vc_custom_1541507202078{padding-left: 100px !important;}\"][\/vc_column][\/vc_row][vc_row equal_height=\"yes\"][vc_column width=\"1\/2\"][vc_single_image image=\"4150\" img_size=\"medium\" alignment=\"center\" onclick=\"custom_link\" img_link_target=\"_blank\" link=\"https:\/\/www.hraklf.com\"][\/vc_column][vc_column width=\"1\/2\"][vc_single_image image=\"4188\" alignment=\"center\" onclick=\"custom_link\" img_link_target=\"_blank\" link=\"http:\/\/hassanradhi.com\"][\/vc_column][\/vc_row]<\/p>\n<\/div>","protected":false},"excerpt":{"rendered":"<p>[vc_row][vc_column][vc_single_image image=\"3985\" img_size=\"full\" alignment=\"center\"][\/vc_column][\/vc_row][vc_row][vc_column][vc_custom_heading source=\"post_title\" font_container=\"tag:h1|text_align:center\" use_theme_fonts=\"yes\"][\/vc_column][\/vc_row][vc_row][vc_column][vc_custom_heading text=\"Sous le patronage de\" use_theme_fonts=\"yes\" css=\".vc_custom_1541430837425{padding-left: 100px !important;}\"][\/vc_column][\/vc_row][vc_row][vc_column width=\"1\/2\"][vc_single_image image=\"4175\" img_size=\"medium\" alignment=\"center\"][\/vc_column][vc_column width=\"1\/2\"][vc_single_image image=\"4178\" img_size=\"medium\" alignment=\"center\"][\/vc_column][\/vc_row][vc_row][vc_column][vc_custom_heading text=\"le dimanche 18 novembre 2018 ART Rotana Hotel and Resort dans les \u00eeles Amwaj au Royaume de <a href=\"https:\/\/bcdr.org\/fr\/la-conference-conjointe-bcdr-aaa-scc-sur-les-questions-importantes-dans-larbitrage-dinvestissement\/\" class=\"read-more\">Read More ...<\/a><\/p>\n","protected":false},"author":1,"featured_media":0,"parent":0,"menu_order":0,"comment_status":"closed","ping_status":"closed","template":"","meta":{"pgc_sgb_lightbox_settings":"","footnotes":""},"class_list":["post-4124","page","type-page","status-publish","hentry"],"_links":{"self":[{"href":"https:\/\/bcdr.org\/fr\/wp-json\/wp\/v2\/pages\/4124","targetHints":{"allow":["GET"]}}],"collection":[{"href":"https:\/\/bcdr.org\/fr\/wp-json\/wp\/v2\/pages"}],"about":[{"href":"https:\/\/bcdr.org\/fr\/wp-json\/wp\/v2\/types\/page"}],"author":[{"embeddable":true,"href":"https:\/\/bcdr.org\/fr\/wp-json\/wp\/v2\/users\/1"}],"replies":[{"embeddable":true,"href":"https:\/\/bcdr.org\/fr\/wp-json\/wp\/v2\/comments?post=4124"}],"version-history":[{"count":0,"href":"https:\/\/bcdr.org\/fr\/wp-json\/wp\/v2\/pages\/4124\/revisions"}],"wp:attachment":[{"href":"https:\/\/bcdr.org\/fr\/wp-json\/wp\/v2\/media?parent=4124"}],"curies":[{"name":"wp","href":"https:\/\/api.w.org\/{rel}","templated":true}]}}