{"id":7853,"date":"2019-12-04T19:10:16","date_gmt":"2019-12-04T16:10:16","guid":{"rendered":"https:\/\/bcdr.org\/?page_id=7853"},"modified":"2020-11-02T14:39:31","modified_gmt":"2020-11-02T11:39:31","slug":"vis-pre-moot-du-moyen-orient","status":"publish","type":"page","link":"https:\/\/bcdr.org\/fr\/vis-pre-moot-du-moyen-orient\/","title":{"rendered":"Vis Pr\u00e9-Moot du Moyen-Orient"},"content":{"rendered":"<p style=\"text-align: justify;\"><a href=\"http:\/\/premoot.bcdr-aaa.org\/\">Le Vis Pr\u00e9-Moot du Moyen-Orient<\/a> vise \u00e0 stimuler la participation et la comp\u00e9titivit\u00e9 des \u00e9quipes provenant de la r\u00e9gion MENA au concours Willem C. Vis d'arbitrage commercial international. Organis\u00e9 par la BCDR en partenariat, entre autres, avec le Programme de d\u00e9veloppement du droit commercial du Minist\u00e8re am\u00e9ricain du commerce et le Centre pour l'\u00e9ducation juridique internationale de l'Universit\u00e9 de Pittsburg, le Pr\u00e9-Moot du Moyen-Orient est une p\u00e9pini\u00e8re incontournable pour les talents \u00e9mergents dans le domaine du r\u00e8glement des diff\u00e9rends dans la r\u00e9gion. Au cours de cet \u00e9v\u00e9nement, des \u00e9quipes d'\u00e9tudiants en droit testent leurs capacit\u00e9s dans des simulations d'affaires r\u00e9elles et sont \u00e9valu\u00e9s par des sp\u00e9cialistes r\u00e9put\u00e9s en la mati\u00e8re, sp\u00e9cialistes dont l'avis et les encouragements sont pr\u00e9cieux pour l'\u00e9volution future des \u00e9tudiants. Le Pr\u00e9-Moot fournit un entra\u00eenement essentiel au Vis Moot annuel de Vienne en Autriche (voir <a href=\"https:\/\/vismoot.pace.edu\/\">https:\/\/vismoot.pace.edu\/<\/a>) et de Hong Kong (voir\u00a0 <a href=\"https:\/\/www.cisgmoot.org\/\">https:\/\/www.cisgmoot.org\/<\/a>).<\/p>\n<p style=\"text-align: justify;\">Initi\u00e9 en 2011 avec seulement quatre \u00e9quipes, le Vis Pr\u00e9-Moot du Moyen-Orient attire \u00e0 pr\u00e9sent des candidats des facult\u00e9s d'Afghanistan, de l'Azerba\u00efdjan, du Bahre\u00efn, de Bosnie Herz\u00e9govine, d'\u00c9gypt, de la G\u00e9orgie, d'Iran, d'Iraq, de Jordanie, du Kosovo, du Kowe\u00eft, du Liban, des Maldives, du Myanmar, du Qatar, d'Arabie Saoudite, du Sri Lanka, de Tunisie, des \u00c9mirats arabes unis, des \u00c9tats-Unis d'Am\u00e9rique et d'autres pays, ainsi que quelque cinquante professionnels. Au fil des ans, pr\u00e8s de 650 \u00e9tudiants ont b\u00e9n\u00e9fici\u00e9 de l'appui et des conseils de quelque 400 praticiens, universitaires et juristes. Les contacts \u00e9tablis durant le Pr\u00e9-Moot ont aid\u00e9 les participants \u00e0 construire des r\u00e9seaux de soutien pour leurs carri\u00e8res futures.<\/p>\n<p style=\"text-align: justify;\">Le Vis Pr\u00e9-Moot du Moyen-Orient comporte deux phases principales. La premi\u00e8re, qui se tient habituellement en octobre, dispense une formation dans la recherche juridique et la r\u00e9daction en vue de pr\u00e9parer les participants au volet \u00e9crit du Vis Moot. Toute l'\u00e9quipe ou seulement un conseiller ou un repr\u00e9sentant de l'\u00e9quipe peuvent y assister.<\/p>\n<p style=\"text-align: justify;\">La deuxi\u00e8me phase est ax\u00e9e sur les comp\u00e9tences en mati\u00e8re de plaidoiries en pr\u00e9paration du volet oral du Vis Moot. Cette phase dure cinq jours et est organis\u00e9e \u00e0 Bahre\u00efn par la BCDR et par l'Universit\u00e9 royale pour femmes de Bahre\u00efn. Elle\u00a0 comporte trois parties\u00a0: un entra\u00eenement de plaidoiries orales pour les \u00e9tudiants\u00a0; une table ronde o\u00f9 les arbitres discutent des derniers d\u00e9veloppements de l'arbitrage en relation avec la probl\u00e9matique du Vis Moot\u00a0; et une comp\u00e9tition consistant en une simulation d'arbitrage durant laquelle les \u00e9tudiants sont not\u00e9s sur leurs talents de plaidoirie orale par des arbitres r\u00e9put\u00e9s dans la r\u00e9gion et mondialement dans des conditions similaires \u00e0 celle des joutes orales du Vis Moot de Vienne et de Hong Kong.<\/p>\n<p style=\"text-align: justify;\">Il n'y a pas de frais d'enregistrement \u00e0 payer pour participer au Pr\u00e9-Moot du Moyen-Orient. Cependant, les \u00e9quipes souhaitant y participer devront supporter leurs frais de voyage, de visa, d'h\u00e9bergement ainsi que d'autres d\u00e9penses locales associ\u00e9es au programme.<\/p>\n<p style=\"text-align: justify;\">Le Pr\u00e9-Moot du Moyen-Orient est une exp\u00e9rience unique qui forme les participants en augmentant leur compr\u00e9hension de l'arbitrage commercial international, en relevant les standards des plaidoiries et, plus g\u00e9n\u00e9ralement, en renfor\u00e7ant l'\u00e9tude et la pratique du droit du commerce international et de l'arbitrage au Moyen-Orient en posant des fondations pour l'avenir.<\/p>\n","protected":false},"excerpt":{"rendered":"<p>Le Vis Pr\u00e9-Moot du Moyen-Orient vise \u00e0 stimuler la participation et la comp\u00e9titivit\u00e9 des \u00e9quipes provenant de la r\u00e9gion MENA au concours Willem C. Vis d'arbitrage commercial international. Organis\u00e9 par la BCDR en partenariat, entre autres, avec le Programme de <a href=\"https:\/\/bcdr.org\/fr\/vis-pre-moot-du-moyen-orient\/\" class=\"read-more\">Read More ...<\/a><\/p>\n","protected":false},"author":1,"featured_media":0,"parent":0,"menu_order":0,"comment_status":"closed","ping_status":"closed","template":"","meta":{"pgc_sgb_lightbox_settings":"","footnotes":""},"class_list":["post-7853","page","type-page","status-publish","hentry"],"_links":{"self":[{"href":"https:\/\/bcdr.org\/fr\/wp-json\/wp\/v2\/pages\/7853","targetHints":{"allow":["GET"]}}],"collection":[{"href":"https:\/\/bcdr.org\/fr\/wp-json\/wp\/v2\/pages"}],"about":[{"href":"https:\/\/bcdr.org\/fr\/wp-json\/wp\/v2\/types\/page"}],"author":[{"embeddable":true,"href":"https:\/\/bcdr.org\/fr\/wp-json\/wp\/v2\/users\/1"}],"replies":[{"embeddable":true,"href":"https:\/\/bcdr.org\/fr\/wp-json\/wp\/v2\/comments?post=7853"}],"version-history":[{"count":0,"href":"https:\/\/bcdr.org\/fr\/wp-json\/wp\/v2\/pages\/7853\/revisions"}],"wp:attachment":[{"href":"https:\/\/bcdr.org\/fr\/wp-json\/wp\/v2\/media?parent=7853"}],"curies":[{"name":"wp","href":"https:\/\/api.w.org\/{rel}","templated":true}]}}