{"id":7857,"date":"2019-12-06T18:22:15","date_gmt":"2019-12-06T15:22:15","guid":{"rendered":"https:\/\/bcdr.org\/?page_id=7857"},"modified":"2025-01-02T14:09:26","modified_gmt":"2025-01-02T11:09:26","slug":"khaled-al-khayat","status":"publish","type":"page","link":"https:\/\/bcdr.org\/fr\/secretariat\/khaled-al-khayat\/","title":{"rendered":"Khaled Al Khayat"},"content":{"rendered":"<div class=\"wpb-content-wrapper\"><p>[vc_row][vc_column][vc_column_text css=\"\"]<strong><img loading=\"lazy\" decoding=\"async\" class=\"alignleft wp-image-7893 size-medium\" src=\"https:\/\/s3.bcdr.org\/Khaled-AlKhayat-226x300.png\" alt=\"\" width=\"226\" height=\"300\" srcset=\"https:\/\/s3.bcdr.org\/Khaled-AlKhayat-226x300.png 226w, https:\/\/s3.bcdr.org\/Khaled-AlKhayat-113x150.png 113w, https:\/\/s3.bcdr.org\/Khaled-AlKhayat-204x270.png 204w, https:\/\/s3.bcdr.org\/Khaled-AlKhayat.png 600w\" sizes=\"auto, (max-width: 226px) 100vw, 226px\" \/>Khaled Al Khayat<\/strong><br \/>\n<em>Greffier en chef<br \/>\n<\/em><\/p>\n<p><strong>E-mail :<\/strong>\u00a0<a href=\"mailto:kalkhayat@bcdr.org\">kalkhayat@bcdr.org<\/a><br \/>\n<strong>Bureau :<\/strong>\u00a0+973 17 511 312<\/p>\n<p style=\"text-align: justify;\">Khaled Al Khayat (Greffier en chef) a rejoint la BCDR en janvier 2009. En juillet 2009, il acheva son stage de gestionnaire de cas au Centre international de r\u00e8glement des diff\u00e9rends (ICDR-AAA) \u00e0 New York. Il avait pr\u00e9c\u00e9demment effectu\u00e9 un stage juridique au cabinet d'avocats de Haya Rashed Al Khalifa \u00e0 Bahre\u00efn. Il avait \u00e9galement effectu\u00e9 un stage au cabinet bahreini Al Jabal. M. Al Khayat est d\u00e9tenteur d'une licence en droit de l'Universit\u00e9 de Yarmouk en Jordanie. Il lit, \u00e9crit et parle couramment l'arabe et l'anglais.<\/p>\n<p>[\/vc_column_text][\/vc_column][\/vc_row]<\/p>\n<\/div>","protected":false},"excerpt":{"rendered":"<p>[vc_row][vc_column][vc_column_text css=\"\"]Khaled Al Khayat Greffier en chef E-mail :\u00a0kalkhayat@bcdr.org Bureau :\u00a0+973 17 511 312 Khaled Al Khayat (Greffier en chef) a rejoint la BCDR en janvier 2009. En juillet 2009, il acheva son stage de gestionnaire de cas au Centre <a href=\"https:\/\/bcdr.org\/fr\/secretariat\/khaled-al-khayat\/\" class=\"read-more\">Read More ...<\/a><\/p>\n","protected":false},"author":1,"featured_media":0,"parent":8034,"menu_order":0,"comment_status":"closed","ping_status":"closed","template":"","meta":{"pgc_sgb_lightbox_settings":"","footnotes":""},"class_list":["post-7857","page","type-page","status-publish","hentry"],"_links":{"self":[{"href":"https:\/\/bcdr.org\/fr\/wp-json\/wp\/v2\/pages\/7857","targetHints":{"allow":["GET"]}}],"collection":[{"href":"https:\/\/bcdr.org\/fr\/wp-json\/wp\/v2\/pages"}],"about":[{"href":"https:\/\/bcdr.org\/fr\/wp-json\/wp\/v2\/types\/page"}],"author":[{"embeddable":true,"href":"https:\/\/bcdr.org\/fr\/wp-json\/wp\/v2\/users\/1"}],"replies":[{"embeddable":true,"href":"https:\/\/bcdr.org\/fr\/wp-json\/wp\/v2\/comments?post=7857"}],"version-history":[{"count":2,"href":"https:\/\/bcdr.org\/fr\/wp-json\/wp\/v2\/pages\/7857\/revisions"}],"predecessor-version":[{"id":12410,"href":"https:\/\/bcdr.org\/fr\/wp-json\/wp\/v2\/pages\/7857\/revisions\/12410"}],"up":[{"embeddable":true,"href":"https:\/\/bcdr.org\/fr\/wp-json\/wp\/v2\/pages\/8034"}],"wp:attachment":[{"href":"https:\/\/bcdr.org\/fr\/wp-json\/wp\/v2\/media?parent=7857"}],"curies":[{"name":"wp","href":"https:\/\/api.w.org\/{rel}","templated":true}]}}