{"id":7859,"date":"2019-12-06T18:25:12","date_gmt":"2019-12-06T15:25:12","guid":{"rendered":"https:\/\/bcdr.org\/?page_id=7859"},"modified":"2024-09-11T10:54:20","modified_gmt":"2024-09-11T07:54:20","slug":"fatema-al-zayed-al-jalahma","status":"publish","type":"page","link":"https:\/\/bcdr.org\/fr\/secretariat\/fatema-al-zayed-al-jalahma\/","title":{"rendered":"Fatema Al Zayed Al Jalahma"},"content":{"rendered":"<div class=\"wpb-content-wrapper\"><p>[vc_row][vc_column][vc_column_text css=\"\"]<strong><img loading=\"lazy\" decoding=\"async\" class=\"alignleft wp-image-7827 size-medium\" src=\"https:\/\/s3.bcdr.org\/Fatema-AlZayed-AlJalahma-226x300.png\" alt=\"\" width=\"226\" height=\"300\" srcset=\"https:\/\/s3.bcdr.org\/Fatema-AlZayed-AlJalahma-226x300.png 226w, https:\/\/s3.bcdr.org\/Fatema-AlZayed-AlJalahma-113x150.png 113w, https:\/\/s3.bcdr.org\/Fatema-AlZayed-AlJalahma-203x270.png 203w, https:\/\/s3.bcdr.org\/Fatema-AlZayed-AlJalahma.png 600w\" sizes=\"auto, (max-width: 226px) 100vw, 226px\" \/>Fatema Al Zayed Al Jalahma<\/strong><br \/>\n<em>Gestionnaire de cas<\/em><\/p>\n<p><strong>E-mail :<\/strong>\u00a0<a href=\"mailto:faljalahma@bcdr.org\">faljalahma@bcdr.org<\/a><br \/>\n<strong>Bureau :<\/strong>\u00a0+973 17 511 326<\/p>\n<p style=\"text-align: justify;\">Fatema Al Zayed Al Jalahma (Gestionnaire de cas) a rejoint la BCDR en ao\u00fbt 2019 apr\u00e8s avoir \u00e9t\u00e9 chercheur juridique \u00e0 la Direction des affaires juridiques au Minist\u00e8re de l'int\u00e9rieur bahre\u00efni de 2011 \u00e0 2019 et avoir \u00e9t\u00e9 d\u00e9tach\u00e9e en tant que charg\u00e9e de recherche au bureau du Vice-Premier Ministre de Bahre\u00efn de mai 2016 jusqu'en juillet 2017. Mme Al Zayed Al Jalahma est dipl\u00f4m\u00e9e de la City University de Londres (LLM en droit du commerce international et droit bancaire international) et de l'Universit\u00e9 de Bahre\u00efn (licence en droit). Elle lit, \u00e9crit et parle couramment l'arabe et l'anglais.<\/p>\n<p>[\/vc_column_text][\/vc_column][\/vc_row]<\/p>\n<\/div>","protected":false},"excerpt":{"rendered":"<p>[vc_row][vc_column][vc_column_text css=\"\"]Fatema Al Zayed Al Jalahma Gestionnaire de cas E-mail :\u00a0faljalahma@bcdr.org Bureau :\u00a0+973 17 511 326 Fatema Al Zayed Al Jalahma (Gestionnaire de cas) a rejoint la BCDR en ao\u00fbt 2019 apr\u00e8s avoir \u00e9t\u00e9 chercheur juridique \u00e0 la Direction des <a href=\"https:\/\/bcdr.org\/fr\/secretariat\/fatema-al-zayed-al-jalahma\/\" class=\"read-more\">Read More ...<\/a><\/p>\n","protected":false},"author":1,"featured_media":0,"parent":8034,"menu_order":0,"comment_status":"closed","ping_status":"closed","template":"","meta":{"pgc_sgb_lightbox_settings":"","footnotes":""},"class_list":["post-7859","page","type-page","status-publish","hentry"],"_links":{"self":[{"href":"https:\/\/bcdr.org\/fr\/wp-json\/wp\/v2\/pages\/7859","targetHints":{"allow":["GET"]}}],"collection":[{"href":"https:\/\/bcdr.org\/fr\/wp-json\/wp\/v2\/pages"}],"about":[{"href":"https:\/\/bcdr.org\/fr\/wp-json\/wp\/v2\/types\/page"}],"author":[{"embeddable":true,"href":"https:\/\/bcdr.org\/fr\/wp-json\/wp\/v2\/users\/1"}],"replies":[{"embeddable":true,"href":"https:\/\/bcdr.org\/fr\/wp-json\/wp\/v2\/comments?post=7859"}],"version-history":[{"count":2,"href":"https:\/\/bcdr.org\/fr\/wp-json\/wp\/v2\/pages\/7859\/revisions"}],"predecessor-version":[{"id":12204,"href":"https:\/\/bcdr.org\/fr\/wp-json\/wp\/v2\/pages\/7859\/revisions\/12204"}],"up":[{"embeddable":true,"href":"https:\/\/bcdr.org\/fr\/wp-json\/wp\/v2\/pages\/8034"}],"wp:attachment":[{"href":"https:\/\/bcdr.org\/fr\/wp-json\/wp\/v2\/media?parent=7859"}],"curies":[{"name":"wp","href":"https:\/\/api.w.org\/{rel}","templated":true}]}}