{"id":8010,"date":"2019-12-16T10:00:40","date_gmt":"2019-12-16T07:00:40","guid":{"rendered":"https:\/\/bcdr.org\/?page_id=8010"},"modified":"2024-02-04T14:07:39","modified_gmt":"2024-02-04T11:07:39","slug":"fatema-alwardi","status":"publish","type":"page","link":"https:\/\/bcdr.org\/fr\/secretariat\/fatema-alwardi\/","title":{"rendered":"Fatema AlWardi"},"content":{"rendered":"<p><strong><a href=\"https:\/\/s3.bcdr.org\/Fatema-AlWardi.png\"><img loading=\"lazy\" decoding=\"async\" class=\"alignleft wp-image-11460\" src=\"https:\/\/s3.bcdr.org\/Fatema-AlWardi.png\" alt=\"\" width=\"267\" height=\"400\" \/><\/a>Fatema AlWardi<\/strong><br \/>\n<em>Responsable des ressources humaines<\/em><\/p>\n<p><strong>E-mail :<\/strong>\u00a0<a href=\"mailto:falwardi@bcdr.org\">falwardi@bcdr.org<\/a><br \/>\n<strong>Bureau :<\/strong>\u00a0+973 17 511 327<\/p>\n<p style=\"text-align: justify;\">Fatema AlWardi (Responsable des ressources humaines) a rejoint la BCDR en f\u00e9vrier 2013. Elle a pr\u00e9c\u00e9demment travaill\u00e9 au d\u00e9partement du personnel du groupe Haji Ali Haji. Mme AlWardi d\u00e9tient une licence en administration des affaires de la University College of Bahre\u00efn, ainsi que le dipl\u00f4me du niveau 3 en pratique des ressources humaines d\u00e9cern\u00e9 par le Chartered Institute of Personnel and Development de Londres. Elle \u00e9crit, lit et parle couramment l'arabe et l'anglais.<\/p>\n","protected":false},"excerpt":{"rendered":"<p>Fatema AlWardi Responsable des ressources humaines E-mail :\u00a0falwardi@bcdr.org Bureau :\u00a0+973 17 511 327 Fatema AlWardi (Responsable des ressources humaines) a rejoint la BCDR en f\u00e9vrier 2013. Elle a pr\u00e9c\u00e9demment travaill\u00e9 au d\u00e9partement du personnel du groupe Haji Ali Haji. Mme <a href=\"https:\/\/bcdr.org\/fr\/secretariat\/fatema-alwardi\/\" class=\"read-more\">Read More ...<\/a><\/p>\n","protected":false},"author":1,"featured_media":0,"parent":8034,"menu_order":0,"comment_status":"closed","ping_status":"closed","template":"","meta":{"pgc_sgb_lightbox_settings":"","footnotes":""},"class_list":["post-8010","page","type-page","status-publish","hentry"],"_links":{"self":[{"href":"https:\/\/bcdr.org\/fr\/wp-json\/wp\/v2\/pages\/8010","targetHints":{"allow":["GET"]}}],"collection":[{"href":"https:\/\/bcdr.org\/fr\/wp-json\/wp\/v2\/pages"}],"about":[{"href":"https:\/\/bcdr.org\/fr\/wp-json\/wp\/v2\/types\/page"}],"author":[{"embeddable":true,"href":"https:\/\/bcdr.org\/fr\/wp-json\/wp\/v2\/users\/1"}],"replies":[{"embeddable":true,"href":"https:\/\/bcdr.org\/fr\/wp-json\/wp\/v2\/comments?post=8010"}],"version-history":[{"count":0,"href":"https:\/\/bcdr.org\/fr\/wp-json\/wp\/v2\/pages\/8010\/revisions"}],"up":[{"embeddable":true,"href":"https:\/\/bcdr.org\/fr\/wp-json\/wp\/v2\/pages\/8034"}],"wp:attachment":[{"href":"https:\/\/bcdr.org\/fr\/wp-json\/wp\/v2\/media?parent=8010"}],"curies":[{"name":"wp","href":"https:\/\/api.w.org\/{rel}","templated":true}]}}