{"id":8012,"date":"2019-12-05T19:10:47","date_gmt":"2019-12-05T16:10:47","guid":{"rendered":"https:\/\/bcdr.org\/?page_id=8012"},"modified":"2024-12-22T14:32:09","modified_gmt":"2024-12-22T11:32:09","slug":"aisha-ishaq","status":"publish","type":"page","link":"https:\/\/bcdr.org\/fr\/secretariat\/aisha-ishaq\/","title":{"rendered":"Aisha Ishaq"},"content":{"rendered":"<div class=\"wpb-content-wrapper\"><p>[vc_row][vc_column][vc_column_text css=\"\"]<strong><img loading=\"lazy\" decoding=\"async\" class=\"alignleft wp-image-7743 size-medium\" src=\"https:\/\/s3.bcdr.org\/Aisha-Ishaq-240x300.png\" alt=\"\" width=\"240\" height=\"300\" srcset=\"https:\/\/s3.bcdr.org\/Aisha-Ishaq-240x300.png 240w, https:\/\/s3.bcdr.org\/Aisha-Ishaq-120x150.png 120w, https:\/\/s3.bcdr.org\/Aisha-Ishaq-216x270.png 216w, https:\/\/s3.bcdr.org\/Aisha-Ishaq.png 600w\" sizes=\"auto, (max-width: 240px) 100vw, 240px\" \/>Aisha Ishaq<\/strong><br \/>\n<em>Responsable finances\u00a0senior<\/em><\/p>\n<p><strong>E-mail :<\/strong>\u00a0<a href=\"mailto:aishaq@bcdr.org\">aishaq@bcdr.org<\/a><br \/>\n<strong>Bureau :<\/strong> +973 17 511 328<\/p>\n<p style=\"text-align: justify;\">Aisha Ishaq (Responsable finances\u00a0senior) a rejoint la BCDR en janvier 2010. Elle a pr\u00e9c\u00e9demment travaill\u00e9\u00a0\u00e0 la National Bank of Bahrain o\u00f9 elle \u00e9tait en charge du Comit\u00e9 de lutte contre le blanchiment de capitaux. Mme Ishaq d\u00e9tient une licence en administration des affaires - finances de la New York Institute of Technology. Elle poursuit actuellement des \u00e9tudes en vue de devenir analyste financi\u00e8re agr\u00e9\u00e9e au Chartered Financial Analyst Institute. Elle \u00e9crit, lit et parle couramment l'arabe et l'anglais.<\/p>\n<p>[\/vc_column_text][\/vc_column][\/vc_row]<\/p>\n<\/div>","protected":false},"excerpt":{"rendered":"<p>[vc_row][vc_column][vc_column_text css=\"\"]Aisha Ishaq Responsable finances\u00a0senior E-mail :\u00a0aishaq@bcdr.org Bureau : +973 17 511 328 Aisha Ishaq (Responsable finances\u00a0senior) a rejoint la BCDR en janvier 2010. Elle a pr\u00e9c\u00e9demment travaill\u00e9\u00a0\u00e0 la National Bank of Bahrain o\u00f9 elle \u00e9tait en charge du Comit\u00e9 <a href=\"https:\/\/bcdr.org\/fr\/secretariat\/aisha-ishaq\/\" class=\"read-more\">Read More ...<\/a><\/p>\n","protected":false},"author":1,"featured_media":0,"parent":8034,"menu_order":0,"comment_status":"closed","ping_status":"closed","template":"","meta":{"pgc_sgb_lightbox_settings":"","footnotes":""},"class_list":["post-8012","page","type-page","status-publish","hentry"],"_links":{"self":[{"href":"https:\/\/bcdr.org\/fr\/wp-json\/wp\/v2\/pages\/8012","targetHints":{"allow":["GET"]}}],"collection":[{"href":"https:\/\/bcdr.org\/fr\/wp-json\/wp\/v2\/pages"}],"about":[{"href":"https:\/\/bcdr.org\/fr\/wp-json\/wp\/v2\/types\/page"}],"author":[{"embeddable":true,"href":"https:\/\/bcdr.org\/fr\/wp-json\/wp\/v2\/users\/1"}],"replies":[{"embeddable":true,"href":"https:\/\/bcdr.org\/fr\/wp-json\/wp\/v2\/comments?post=8012"}],"version-history":[{"count":2,"href":"https:\/\/bcdr.org\/fr\/wp-json\/wp\/v2\/pages\/8012\/revisions"}],"predecessor-version":[{"id":12398,"href":"https:\/\/bcdr.org\/fr\/wp-json\/wp\/v2\/pages\/8012\/revisions\/12398"}],"up":[{"embeddable":true,"href":"https:\/\/bcdr.org\/fr\/wp-json\/wp\/v2\/pages\/8034"}],"wp:attachment":[{"href":"https:\/\/bcdr.org\/fr\/wp-json\/wp\/v2\/media?parent=8012"}],"curies":[{"name":"wp","href":"https:\/\/api.w.org\/{rel}","templated":true}]}}