{"id":8014,"date":"2019-12-05T19:06:17","date_gmt":"2019-12-05T16:06:17","guid":{"rendered":"https:\/\/bcdr.org\/?page_id=8014"},"modified":"2024-11-06T14:17:17","modified_gmt":"2024-11-06T11:17:17","slug":"bassam-ghassan-beidas","status":"publish","type":"page","link":"https:\/\/bcdr.org\/fr\/secretariat\/bassam-ghassan-beidas\/","title":{"rendered":"Bassam Ghassan Beidas"},"content":{"rendered":"<div class=\"wpb-content-wrapper\"><p>[vc_row][vc_column][vc_column_text css=\"\"]<strong><img loading=\"lazy\" decoding=\"async\" class=\"wp-image-7716 alignleft\" src=\"https:\/\/s3.bcdr.org\/Bassam-Beidas-203x270.png\" alt=\"\" width=\"300\" height=\"400\" srcset=\"https:\/\/s3.bcdr.org\/Bassam-Beidas-203x270.png 203w, https:\/\/s3.bcdr.org\/Bassam-Beidas-225x300.png 225w, https:\/\/s3.bcdr.org\/Bassam-Beidas-113x150.png 113w, https:\/\/s3.bcdr.org\/Bassam-Beidas.png 600w\" sizes=\"auto, (max-width: 300px) 100vw, 300px\" \/>Bassam Ghassan Beidas<\/strong><em><br \/>\nDirecteur Administratif et Financier par int\u00e9rim<\/em><\/p>\n<p><strong>E-mail :<\/strong> <a href=\"mailto:bbeidas@bcdr.org\">bbeidas@bcdr.org<\/a><\/p>\n<p><strong>Bureau :<\/strong>\u00a0+973 17 511 329<\/p>\n<p style=\"text-align: justify;\">Bassam Ghassan Beidas (Responsable comptable) a rejoint la BCDR en novembre 2009. Depuis qu'il a obtenu sa licence en comptabilit\u00e9 de l'Universit\u00e9 de Bahre\u00efn, il a acquis plus de dix ann\u00e9es d'exp\u00e9rience dans la comptabilit\u00e9 et les rapports financiers conform\u00e9ment aux standards des rapports financiers internationaux. Durant les mois de juin et de juillet 2019, M. Beidas fut nomm\u00e9 provisoirement en tant que chef de l'audit aupr\u00e8s du Bureau national du revenu de Bahre\u00efn.<\/p>\n<p>[\/vc_column_text][\/vc_column][\/vc_row]<\/p>\n<\/div>","protected":false},"excerpt":{"rendered":"<p>[vc_row][vc_column][vc_column_text css=\"\"]Bassam Ghassan Beidas Directeur Administratif et Financier par int\u00e9rim E-mail : bbeidas@bcdr.org Bureau :\u00a0+973 17 511 329 Bassam Ghassan Beidas (Responsable comptable) a rejoint la BCDR en novembre 2009. Depuis qu'il a obtenu sa licence en comptabilit\u00e9 de l'Universit\u00e9 <a href=\"https:\/\/bcdr.org\/fr\/secretariat\/bassam-ghassan-beidas\/\" class=\"read-more\">Read More ...<\/a><\/p>\n","protected":false},"author":1,"featured_media":0,"parent":8034,"menu_order":0,"comment_status":"closed","ping_status":"closed","template":"","meta":{"pgc_sgb_lightbox_settings":"","footnotes":""},"class_list":["post-8014","page","type-page","status-publish","hentry"],"_links":{"self":[{"href":"https:\/\/bcdr.org\/fr\/wp-json\/wp\/v2\/pages\/8014","targetHints":{"allow":["GET"]}}],"collection":[{"href":"https:\/\/bcdr.org\/fr\/wp-json\/wp\/v2\/pages"}],"about":[{"href":"https:\/\/bcdr.org\/fr\/wp-json\/wp\/v2\/types\/page"}],"author":[{"embeddable":true,"href":"https:\/\/bcdr.org\/fr\/wp-json\/wp\/v2\/users\/1"}],"replies":[{"embeddable":true,"href":"https:\/\/bcdr.org\/fr\/wp-json\/wp\/v2\/comments?post=8014"}],"version-history":[{"count":1,"href":"https:\/\/bcdr.org\/fr\/wp-json\/wp\/v2\/pages\/8014\/revisions"}],"predecessor-version":[{"id":12376,"href":"https:\/\/bcdr.org\/fr\/wp-json\/wp\/v2\/pages\/8014\/revisions\/12376"}],"up":[{"embeddable":true,"href":"https:\/\/bcdr.org\/fr\/wp-json\/wp\/v2\/pages\/8034"}],"wp:attachment":[{"href":"https:\/\/bcdr.org\/fr\/wp-json\/wp\/v2\/media?parent=8014"}],"curies":[{"name":"wp","href":"https:\/\/api.w.org\/{rel}","templated":true}]}}