{"id":8034,"date":"2017-05-11T19:17:37","date_gmt":"2017-05-11T16:17:37","guid":{"rendered":"https:\/\/bcdr.org\/?page_id=8034"},"modified":"2025-07-09T16:17:02","modified_gmt":"2025-07-09T13:17:02","slug":"secretariat","status":"publish","type":"page","link":"https:\/\/bcdr.org\/fr\/secretariat\/","title":{"rendered":"Secr\u00e9tariat"},"content":{"rendered":"<div class=\"wpb-content-wrapper\"><p>[vc_row][vc_column width=\"1\/2\"][vc_column_text css=\".vc_custom_1727251330593{margin-bottom: 0px !important;}\"]<a href=\"https:\/\/bcdr.org\/fr\/secretariat\/ahmed-husain\/\">Ahmed Husain<\/a><br \/>\n<em>Pr\u00e9sident-directeur g\u00e9n\u00e9ral<br \/>\n<\/em>[\/vc_column_text][\/vc_column][vc_column width=\"1\/2\"][vc_column_text css=\".vc_custom_1725351532805{margin-bottom: 0px !important;}\"]<strong>E<\/strong> <a href=\"mailto:ahusain@bcdr.org\">ahusain@bcdr.org<\/a><br \/>\n<strong>T<\/strong> +973 17 511 323[\/vc_column_text][\/vc_column][\/vc_row][vc_row][vc_column][vc_separator color=\"custom\" css=\".vc_custom_1725351630610{margin-bottom: 10px !important;}\" accent_color=\"#FF0000\"][vc_column_text css=\".vc_custom_1725351619055{margin-bottom: 0px !important;}\"]<\/p>\n<h2>Personnel juridique<\/h2>\n<p>[\/vc_column_text][\/vc_column][\/vc_row][vc_row css=\".vc_custom_1725351756034{margin-bottom: 10px !important;}\"][vc_column width=\"1\/2\"][vc_column_text css=\".vc_custom_1735816089730{margin-bottom: 0px !important;}\"]<a href=\"https:\/\/bcdr.org\/fr\/secretariat\/khaled-al-khayat\/\">Khaled Al Khayat<\/a><br \/>\n<em>Greffier en chef<\/em>[\/vc_column_text][\/vc_column][vc_column width=\"1\/2\"][vc_column_text css=\".vc_custom_1725351868104{margin-bottom: 0px !important;}\"]<strong>E<\/strong> <a href=\"mailto:kalkhayat@bcdr.org\">kalkhayat@bcdr.org<\/a><br \/>\n<strong>T<\/strong> +973 17 511 312[\/vc_column_text][\/vc_column][\/vc_row][vc_row css=\".vc_custom_1725351756034{margin-bottom: 10px !important;}\"][vc_column width=\"1\/2\"][vc_column_text css=\".vc_custom_1725351982955{margin-bottom: 0px !important;}\"]<a href=\"https:\/\/bcdr.org\/fr\/secretariat\/fatema-al-zayed-al-jalahma\/\">Fatema Al Zayed Al Jalahma<\/a><br \/>\n<em>Gestionnaire de cas<\/em>[\/vc_column_text][\/vc_column][vc_column width=\"1\/2\"][vc_column_text css=\".vc_custom_1725351999937{margin-bottom: 0px !important;}\"]<strong>E<\/strong> <a href=\"mailto:faljalahma@bcdr.org\">faljalahma@bcdr.org<\/a><br \/>\n<strong>T<\/strong> +973 17 511 326[\/vc_column_text][\/vc_column][\/vc_row][vc_row css=\".vc_custom_1725351756034{margin-bottom: 10px !important;}\"][vc_column width=\"1\/2\"][vc_column_text css=\".vc_custom_1725352032293{margin-bottom: 0px !important;}\"]<a href=\"#\">Salman Ahmed<\/a><br \/>\n<em>Gestionnaire de cas<\/em>[\/vc_column_text][\/vc_column][vc_column width=\"1\/2\"][vc_column_text css=\".vc_custom_1725352050043{margin-bottom: 0px !important;}\"]<strong>E<\/strong> <a href=\"mailto:sahmed@bcdr.org\">sahmed@bcdr.org<\/a><br \/>\n<strong>T<\/strong> +973 17 511 314[\/vc_column_text][\/vc_column][\/vc_row][vc_row][vc_column][vc_separator color=\"custom\" css=\".vc_custom_1725351630610{margin-bottom: 10px !important;}\" accent_color=\"#FF0000\"][vc_column_text css=\".vc_custom_1725356085231{margin-bottom: 0px !important;}\"]<\/p>\n<h2>Personnel administratif<\/h2>\n<h3>D\u00e9partement de comptabilit\u00e9 et finance<\/h3>\n<p>[\/vc_column_text][\/vc_column][\/vc_row][vc_row css=\".vc_custom_1725351756034{margin-bottom: 10px !important;}\"][vc_column width=\"1\/2\"][vc_column_text css=\".vc_custom_1725356252653{margin-bottom: 0px !important;}\"]<a href=\"https:\/\/bcdr.org\/fr\/secretariat\/bassam-ghassan-beidas\/\">Bassam Ghassan Beidas<\/a><br \/>\n<em>Responsable comptable senior<\/em>[\/vc_column_text][\/vc_column][vc_column width=\"1\/2\"][vc_column_text css=\".vc_custom_1730891794541{margin-bottom: 0px !important;}\"]<strong>E<\/strong> <a href=\"mailto:bbeidas@bcdr.org\">bbeidas@bcdr.org<\/a><br \/>\n<strong>T<\/strong> +973 17 511 329[\/vc_column_text][\/vc_column][\/vc_row][vc_row css=\".vc_custom_1725351756034{margin-bottom: 10px !important;}\"][vc_column width=\"1\/2\"][vc_column_text css=\".vc_custom_1725356117573{margin-bottom: 0px !important;}\"]<a href=\"https:\/\/bcdr.org\/fr\/secretariat\/aisha-ishaq\/\">Aisha Ishaq<\/a><br \/>\n<em>Responsable finances senior<\/em>[\/vc_column_text][\/vc_column][vc_column width=\"1\/2\"][vc_column_text css=\".vc_custom_1734867080874{margin-bottom: 0px !important;}\"]<strong>E<\/strong> <a href=\"mailto:aishaq@bcdr.org\">aishaq@bcdr.org<\/a><br \/>\n<strong>T<\/strong> +973 17 511 328[\/vc_column_text][\/vc_column][\/vc_row][vc_row][vc_column][vc_column_text css=\".vc_custom_1725356278031{margin-top: 15px !important;margin-bottom: 0px !important;}\"]<\/p>\n<h3>D\u00e9partement des technologies de l'information et de la communication<\/h3>\n<p>[\/vc_column_text][\/vc_column][\/vc_row][vc_row css=\".vc_custom_1725351756034{margin-bottom: 10px !important;}\"][vc_column width=\"1\/2\"][vc_column_text css=\".vc_custom_1725356291599{margin-bottom: 0px !important;}\"]<a href=\"https:\/\/bcdr.org\/fr\/secretariat\/yousif-al-saif\/\">Yousif Al Saif<\/a><br \/>\n<em>Directeur informatique<\/em>[\/vc_column_text][\/vc_column][vc_column width=\"1\/2\"][vc_column_text css=\".vc_custom_1725352495195{margin-bottom: 0px !important;}\"]<strong>E<\/strong> <a href=\"mailto:yalsaif@bcdr.org\">yalsaif@bcdr.org<\/a><br \/>\n<strong>T<\/strong> +973 17 511 303[\/vc_column_text][\/vc_column][\/vc_row][vc_row css=\".vc_custom_1725351756034{margin-bottom: 10px !important;}\"][vc_column width=\"1\/2\"][vc_column_text css=\".vc_custom_1725356310079{margin-bottom: 0px !important;}\"]<a href=\"#\">Husain Helal<\/a><br \/>\n<em>Sp\u00e9cialiste d'informatique<\/em>[\/vc_column_text][\/vc_column][vc_column width=\"1\/2\"][vc_column_text css=\".vc_custom_1725352542502{margin-bottom: 0px !important;}\"]<strong>E<\/strong> <a href=\"mailto:hhelal@bcdr.org\">hhelal@bcdr.org<\/a><br \/>\n<strong>T<\/strong> +973 17 511 315[\/vc_column_text][\/vc_column][\/vc_row][vc_row][vc_column][vc_column_text css=\".vc_custom_1725353063991{margin-top: 15px !important;margin-bottom: 0px !important;}\"]<\/p>\n<h3>Human Resources (HR) Department<\/h3>\n<p>[\/vc_column_text][\/vc_column][\/vc_row][vc_row css=\".vc_custom_1725351756034{margin-bottom: 10px !important;}\"][vc_column width=\"1\/2\"][vc_column_text css=\".vc_custom_1725356326764{margin-bottom: 0px !important;}\"]<a href=\"https:\/\/bcdr.org\/fr\/secretariat\/fatema-alwardi\/\">Fatema AlWardi<\/a><br \/>\n<em>Responsable des ressources humaines<\/em>[\/vc_column_text][\/vc_column][vc_column width=\"1\/2\"][vc_column_text css=\".vc_custom_1725352801400{margin-bottom: 0px !important;}\"]<strong>E<\/strong> <a href=\"mailto:falwardi@bcdr.org\">falwardi@bcdr.org<\/a><br \/>\n<strong>T<\/strong> +973 17 511 327[\/vc_column_text][\/vc_column][\/vc_row][vc_row][vc_column][vc_column_text css=\".vc_custom_1725356341205{margin-top: 15px !important;margin-bottom: 0px !important;}\"]<\/p>\n<h3>Personnel de soutien<\/h3>\n<p>[\/vc_column_text][\/vc_column][\/vc_row][vc_row css=\".vc_custom_1725351756034{margin-bottom: 10px !important;}\"][vc_column width=\"1\/2\"][vc_column_text css=\".vc_custom_1725356354698{margin-bottom: 0px !important;}\"]<a href=\"https:\/\/bcdr.org\/directory\/amal-fareed\/\">Amal Fareed<\/a>[\/vc_column_text][\/vc_column][vc_column width=\"1\/2\"][vc_column_text css=\".vc_custom_1725352820299{margin-bottom: 0px !important;}\"]<strong>E<\/strong> <a href=\"mailto:afareed@bcdr.org\">afareed@bcdr.org<\/a><br \/>\n<strong>T<\/strong> +973 17 511 320[\/vc_column_text][\/vc_column][\/vc_row][vc_row css=\".vc_custom_1725351756034{margin-bottom: 10px !important;}\"][vc_column width=\"1\/2\"][vc_column_text css=\".vc_custom_1725356361276{margin-bottom: 0px !important;}\"]<a href=\"https:\/\/bcdr.org\/directory\/dana-isa\/\">Dana Isa<\/a>[\/vc_column_text][\/vc_column][vc_column width=\"1\/2\"][vc_column_text css=\".vc_custom_1734867092792{margin-bottom: 0px !important;}\"]<strong>E<\/strong> <a href=\"mailto:disa@bcdr.org\">disa@bcdr.org<\/a><br \/>\n<strong>T<\/strong> +973 17 511 313[\/vc_column_text][\/vc_column][\/vc_row][vc_row css=\".vc_custom_1725351756034{margin-bottom: 10px !important;}\"][vc_column width=\"1\/2\"][vc_column_text css=\".vc_custom_1725356367694{margin-bottom: 0px !important;}\"]<a href=\"https:\/\/bcdr.org\/directory\/hussain-al-hujairi\/\">Hussain Al Hujairi<\/a>[\/vc_column_text][\/vc_column][vc_column width=\"1\/2\"][vc_column_text css=\".vc_custom_1734867100137{margin-bottom: 0px !important;}\"]<strong>E<\/strong> <a href=\"mailto:halhujairi@bcdr.org\">halhujairi@bcdr.org<\/a><br \/>\n<strong>T<\/strong> +973 17 511 310[\/vc_column_text][\/vc_column][\/vc_row]<\/p>\n<\/div>","protected":false},"excerpt":{"rendered":"<p>[vc_row][vc_column width=\"1\/2\"][vc_column_text css=\".vc_custom_1727251330593{margin-bottom: 0px !important;}\"]Ahmed Husain Pr\u00e9sident-directeur g\u00e9n\u00e9ral [\/vc_column_text][\/vc_column][vc_column width=\"1\/2\"][vc_column_text css=\".vc_custom_1725351532805{margin-bottom: 0px !important;}\"]E ahusain@bcdr.org T +973 17 511 323[\/vc_column_text][\/vc_column][\/vc_row][vc_row][vc_column][vc_separator color=\"custom\" css=\".vc_custom_1725351630610{margin-bottom: 10px !important;}\" accent_color=\"#FF0000\"][vc_column_text css=\".vc_custom_1725351619055{margin-bottom: 0px !important;}\"] Personnel juridique [\/vc_column_text][\/vc_column][\/vc_row][vc_row css=\".vc_custom_1725351756034{margin-bottom: 10px !important;}\"][vc_column width=\"1\/2\"][vc_column_text css=\".vc_custom_1735816089730{margin-bottom: 0px !important;}\"]Khaled Al Khayat Greffier <a href=\"https:\/\/bcdr.org\/fr\/secretariat\/\" class=\"read-more\">Read More ...<\/a><\/p>\n","protected":false},"author":1,"featured_media":0,"parent":0,"menu_order":0,"comment_status":"closed","ping_status":"closed","template":"","meta":{"pgc_sgb_lightbox_settings":"","footnotes":""},"class_list":["post-8034","page","type-page","status-publish","hentry"],"_links":{"self":[{"href":"https:\/\/bcdr.org\/fr\/wp-json\/wp\/v2\/pages\/8034","targetHints":{"allow":["GET"]}}],"collection":[{"href":"https:\/\/bcdr.org\/fr\/wp-json\/wp\/v2\/pages"}],"about":[{"href":"https:\/\/bcdr.org\/fr\/wp-json\/wp\/v2\/types\/page"}],"author":[{"embeddable":true,"href":"https:\/\/bcdr.org\/fr\/wp-json\/wp\/v2\/users\/1"}],"replies":[{"embeddable":true,"href":"https:\/\/bcdr.org\/fr\/wp-json\/wp\/v2\/comments?post=8034"}],"version-history":[{"count":8,"href":"https:\/\/bcdr.org\/fr\/wp-json\/wp\/v2\/pages\/8034\/revisions"}],"predecessor-version":[{"id":12776,"href":"https:\/\/bcdr.org\/fr\/wp-json\/wp\/v2\/pages\/8034\/revisions\/12776"}],"wp:attachment":[{"href":"https:\/\/bcdr.org\/fr\/wp-json\/wp\/v2\/media?parent=8034"}],"curies":[{"name":"wp","href":"https:\/\/api.w.org\/{rel}","templated":true}]}}