{"id":8039,"date":"2018-09-17T21:11:42","date_gmt":"2018-09-17T18:11:42","guid":{"rendered":"https:\/\/bcdr.org\/?page_id=8039"},"modified":"2025-10-20T12:00:51","modified_gmt":"2025-10-20T09:00:51","slug":"ahmed-husain","status":"publish","type":"page","link":"https:\/\/bcdr.org\/fr\/secretariat\/ahmed-husain\/","title":{"rendered":"Ahmed Husain"},"content":{"rendered":"<p style=\"text-align: justify;\"><img loading=\"lazy\" decoding=\"async\" class=\"alignleft wp-image-2569\" src=\"https:\/\/s3.bcdr.org\/Ahmed_husain.png\" alt=\"\" width=\"300\" height=\"376\" \/><a href=\"https:\/\/bcdr.org\/fr\/secretariat\/ahmed-husain\/\"><strong>Ahmed Husain<\/strong><\/a><br \/>\n<em>Pr\u00e9sident-directeur g\u00e9n\u00e9ral par int\u00e9rim<\/em><\/p>\n<p style=\"text-align: justify;\"><strong>E-mail :<\/strong>\u00a0<a href=\"mailto:ahusain@bcdr.org\">ahusain@bcdr.org<\/a><br \/>\n<strong>Bureau :<\/strong>\u00a0+973 17 511 323<\/p>\n<p style=\"text-align: justify;\">M. Ahmed Husain est le Pr\u00e9sident-directeur g\u00e9n\u00e9ral par int\u00e9rim de la Chambre de Bahre\u00efn pour le r\u00e8glement des diff\u00e9rends (BCDR). Il occupait auparavant le poste de Directeur des op\u00e9rations et Greffier en chef. Associ\u00e9 fondateur du cabinet d'avocats Adel Abuali et Ahmed Husain (A&amp;A Law Firm), il exer\u00e7a le m\u00e9tier d'avocat y inclus aupr\u00e8s de la Cour de cassation de Bahre\u00efn entre les ann\u00e9es 2000 et 2009. \u00c0 cette \u00e9poque, M. Husain \u00e9tait membre du Conseil de l'Ordre des avocats de Bahre\u00efn dont il fut le secr\u00e9taire de 2007 \u00e0 2009. Il \u00e9tait \u00e9galement charg\u00e9 de superviser le d\u00e9partement des affaires juridiques et de la recherche de l'Organisation g\u00e9n\u00e9rale des assurances sociales de Bahre\u00efn. Il lit, \u00e9crit, et parle couramment l'arabe et l'anglais.<\/p>\n<p style=\"text-align: justify;\">M. Husain est membre du Chartered Institute of Arbitrators. Il est aussi membre du Comit\u00e9 consultatif international du Centre international pour le r\u00e8glement des conflits (ICDR-AAA) et du comit\u00e9 consultatif charg\u00e9 de l'assurance-qualit\u00e9 et de l'accr\u00e9ditation acad\u00e9mique \u00e0 la Facult\u00e9 de droit de Bahre\u00efn. Il a \u00e9galement repr\u00e9sent\u00e9 la BCDR \u00e0 la commission de l'arbitrage et des diff\u00e9rends commerciaux de la Chambre de commerce et d'industrie de Bahre\u00efn.<\/p>\n<p style=\"text-align: justify;\">M. Husain est titulaire d'une licence en charia et en droit de l'Universit\u00e9 Al-Azhar et d'un dipl\u00f4me en gestion interm\u00e9diaire de l'Universit\u00e9 de Bahre\u00efn. Il participe r\u00e9guli\u00e8rement en tant que conf\u00e9rencier aux \u00e9v\u00e9nements locaux et r\u00e9gionaux consacr\u00e9s aux modes alternatifs de r\u00e8glement des conflits (MARC), contribuant \u00e0 sensibiliser \u00e0 l'importance des MARC dans la r\u00e9gion. De plus, M. Husain enseigne \u00e0 l'Institut des \u00e9tudes judiciaires et juridiques de Bahre\u00efn o\u00f9 il se sp\u00e9cialise dans l'enseignement des MARC et dans la formation des professionnels des m\u00e9tiers juridiques.<\/p>\n","protected":false},"excerpt":{"rendered":"<p>Ahmed Husain Pr\u00e9sident-directeur g\u00e9n\u00e9ral par int\u00e9rim E-mail :\u00a0ahusain@bcdr.org Bureau :\u00a0+973 17 511 323 M. Ahmed Husain est le Pr\u00e9sident-directeur g\u00e9n\u00e9ral par int\u00e9rim de la Chambre de Bahre\u00efn pour le r\u00e8glement des diff\u00e9rends (BCDR). Il occupait auparavant le poste de Directeur <a href=\"https:\/\/bcdr.org\/fr\/secretariat\/ahmed-husain\/\" class=\"read-more\">Read More ...<\/a><\/p>\n","protected":false},"author":1,"featured_media":0,"parent":8034,"menu_order":1,"comment_status":"closed","ping_status":"closed","template":"","meta":{"pgc_sgb_lightbox_settings":"","footnotes":""},"class_list":["post-8039","page","type-page","status-publish","hentry"],"_links":{"self":[{"href":"https:\/\/bcdr.org\/fr\/wp-json\/wp\/v2\/pages\/8039","targetHints":{"allow":["GET"]}}],"collection":[{"href":"https:\/\/bcdr.org\/fr\/wp-json\/wp\/v2\/pages"}],"about":[{"href":"https:\/\/bcdr.org\/fr\/wp-json\/wp\/v2\/types\/page"}],"author":[{"embeddable":true,"href":"https:\/\/bcdr.org\/fr\/wp-json\/wp\/v2\/users\/1"}],"replies":[{"embeddable":true,"href":"https:\/\/bcdr.org\/fr\/wp-json\/wp\/v2\/comments?post=8039"}],"version-history":[{"count":1,"href":"https:\/\/bcdr.org\/fr\/wp-json\/wp\/v2\/pages\/8039\/revisions"}],"predecessor-version":[{"id":13121,"href":"https:\/\/bcdr.org\/fr\/wp-json\/wp\/v2\/pages\/8039\/revisions\/13121"}],"up":[{"embeddable":true,"href":"https:\/\/bcdr.org\/fr\/wp-json\/wp\/v2\/pages\/8034"}],"wp:attachment":[{"href":"https:\/\/bcdr.org\/fr\/wp-json\/wp\/v2\/media?parent=8039"}],"curies":[{"name":"wp","href":"https:\/\/api.w.org\/{rel}","templated":true}]}}