{"id":8058,"date":"2019-12-31T12:08:59","date_gmt":"2019-12-31T09:08:59","guid":{"rendered":"https:\/\/bcdr.org\/?page_id=8058"},"modified":"2024-09-11T11:10:40","modified_gmt":"2024-09-11T08:10:40","slug":"yousif-al-saif","status":"publish","type":"page","link":"https:\/\/bcdr.org\/fr\/secretariat\/yousif-al-saif\/","title":{"rendered":"Yousif Al Saif"},"content":{"rendered":"<div class=\"wpb-content-wrapper\"><p>[vc_row][vc_column][vc_column_text css=\"\"]<strong><img loading=\"lazy\" decoding=\"async\" class=\"alignleft wp-image-7905 size-medium\" src=\"https:\/\/s3.bcdr.org\/Yousif-AlSaif-226x300.png\" alt=\"\" width=\"226\" height=\"300\" srcset=\"https:\/\/s3.bcdr.org\/Yousif-AlSaif-226x300.png 226w, https:\/\/s3.bcdr.org\/Yousif-AlSaif-113x150.png 113w, https:\/\/s3.bcdr.org\/Yousif-AlSaif-204x270.png 204w, https:\/\/s3.bcdr.org\/Yousif-AlSaif.png 600w\" sizes=\"auto, (max-width: 226px) 100vw, 226px\" \/>Yousif Al Saif<\/strong><br \/>\n<em>Directeur informatique<\/em><\/p>\n<p><strong>E-mail :<\/strong>\u00a0<a href=\"mailto:yalsaif@bcdr.org\">yalsaif@bcdr.org<\/a><br \/>\n<strong>Bureau\u00a0:<\/strong>\u00a0+973 17 511 303<\/p>\n<p style=\"text-align: justify;\">Yousif Al Saif (Directeur informatique) a rejoint la BCDR en 2010. Il a pr\u00e9c\u00e9demment travaill\u00e9 comme ing\u00e9nieur logiciel chez iCol Global Holding et comme sp\u00e9cialiste de l'\u00e9ducation et enseignant au minist\u00e8re bahre\u00efni de l'\u00e9ducation. Il est dipl\u00f4m\u00e9 de l'Universit\u00e9 de Hertfordshire (Mast\u00e8re en sciences de l'informatique) et de l'Universit\u00e9 du Kent \u00e0 Canterbury (licence en sciences). Il est sp\u00e9cialiste certifi\u00e9 du Prince 2 Project Management, ing\u00e9nieur certifi\u00e9 Red Hat, coordinateur technique certifi\u00e9 de Apple, ethical hacker certifi\u00e9 et d\u00e9veloppeur de solutions certifi\u00e9 de Microsoft. Il a, de plus, achev\u00e9 plusieurs cours relatifs \u00e0 l'infrastructure du r\u00e9seau Cisco et \u00e0 l'infrastructure virtuelle Umware. Il lit, \u00e9crit et parle couramment l'arabe et l'anglais.<\/p>\n<p>[\/vc_column_text][\/vc_column][\/vc_row]<\/p>\n<\/div>","protected":false},"excerpt":{"rendered":"<p>[vc_row][vc_column][vc_column_text css=\"\"]Yousif Al Saif Directeur informatique E-mail :\u00a0yalsaif@bcdr.org Bureau\u00a0:\u00a0+973 17 511 303 Yousif Al Saif (Directeur informatique) a rejoint la BCDR en 2010. Il a pr\u00e9c\u00e9demment travaill\u00e9 comme ing\u00e9nieur logiciel chez iCol Global Holding et comme sp\u00e9cialiste de l'\u00e9ducation et <a href=\"https:\/\/bcdr.org\/fr\/secretariat\/yousif-al-saif\/\" class=\"read-more\">Read More ...<\/a><\/p>\n","protected":false},"author":1,"featured_media":0,"parent":8034,"menu_order":0,"comment_status":"closed","ping_status":"closed","template":"","meta":{"pgc_sgb_lightbox_settings":"","footnotes":""},"class_list":["post-8058","page","type-page","status-publish","hentry"],"_links":{"self":[{"href":"https:\/\/bcdr.org\/fr\/wp-json\/wp\/v2\/pages\/8058","targetHints":{"allow":["GET"]}}],"collection":[{"href":"https:\/\/bcdr.org\/fr\/wp-json\/wp\/v2\/pages"}],"about":[{"href":"https:\/\/bcdr.org\/fr\/wp-json\/wp\/v2\/types\/page"}],"author":[{"embeddable":true,"href":"https:\/\/bcdr.org\/fr\/wp-json\/wp\/v2\/users\/1"}],"replies":[{"embeddable":true,"href":"https:\/\/bcdr.org\/fr\/wp-json\/wp\/v2\/comments?post=8058"}],"version-history":[{"count":1,"href":"https:\/\/bcdr.org\/fr\/wp-json\/wp\/v2\/pages\/8058\/revisions"}],"predecessor-version":[{"id":12213,"href":"https:\/\/bcdr.org\/fr\/wp-json\/wp\/v2\/pages\/8058\/revisions\/12213"}],"up":[{"embeddable":true,"href":"https:\/\/bcdr.org\/fr\/wp-json\/wp\/v2\/pages\/8034"}],"wp:attachment":[{"href":"https:\/\/bcdr.org\/fr\/wp-json\/wp\/v2\/media?parent=8058"}],"curies":[{"name":"wp","href":"https:\/\/api.w.org\/{rel}","templated":true}]}}