{"id":8417,"date":"2020-02-13T14:36:04","date_gmt":"2020-02-13T11:36:04","guid":{"rendered":"https:\/\/bcdr.org\/?page_id=8417"},"modified":"2024-01-28T10:56:34","modified_gmt":"2024-01-28T07:56:34","slug":"reza-mohtashami-qc","status":"publish","type":"page","link":"https:\/\/bcdr.org\/fr\/board-of-trustees\/reza-mohtashami-qc\/","title":{"rendered":"Reza Mohtashami KC"},"content":{"rendered":"<p style=\"text-align: justify;\"><strong><img loading=\"lazy\" decoding=\"async\" class=\"size-medium wp-image-8180 alignleft\" src=\"https:\/\/s3.bcdr.org\/\/Reza3-1024x1024-300x300.png\" alt=\"\" width=\"300\" height=\"300\" srcset=\"https:\/\/s3.bcdr.org\/Reza3-1024x1024-300x300.png 300w, https:\/\/s3.bcdr.org\/Reza3-1024x1024-150x150.png 150w, https:\/\/s3.bcdr.org\/Reza3-1024x1024-768x768.png 768w, https:\/\/s3.bcdr.org\/Reza3-1024x1024-270x270.png 270w, https:\/\/s3.bcdr.org\/Reza3-1024x1024-45x45.png 45w, https:\/\/s3.bcdr.org\/Reza3-1024x1024.png 1024w\" sizes=\"auto, (max-width: 300px) 100vw, 300px\" \/>Membre du Conseil d'administration (depuis 2020)<br \/>\n<\/strong><\/p>\n<p style=\"text-align: justify;\">Reza Mohtashami KC est un avocat exp\u00e9riment\u00e9 sp\u00e9cialis\u00e9 dans l'arbitrage qui a repr\u00e9sent\u00e9 des clients dans plus de 80 arbitrages men\u00e9s selon des r\u00e8glements d'arbitrage diff\u00e9rents en des lieux diff\u00e9rents. Son domaine d'intervention se concentre sur les diff\u00e9rends complexes mettant en jeu des sommes importantes, naissant dans les pays \u00e9mergents, et li\u00e9s aux domaines de l'\u00e9nergie, des t\u00e9l\u00e9coms et de l'infrastructure. En plus de son activit\u00e9 d'avocat, Reza Mohtashami est r\u00e9guli\u00e8rement nomm\u00e9 comme arbitre.<\/p>\n<p style=\"text-align: justify;\">Actuellement bas\u00e9 \u00e0 Londres, Reza Mohtashami a pr\u00e9c\u00e9demment pratiqu\u00e9 en tant qu'avocat \u00e0 Paris et New York, ainsi qu'\u00e0 Duba\u00ef o\u00f9 il a mis en place le d\u00e9partement du Moyen-Orient du r\u00e8glement des diff\u00e9rends d'un cabinet international de grande notori\u00e9t\u00e9. Il est fr\u00e9quemment impliqu\u00e9 en tant qu'arbitre ou avocat dans des diff\u00e9rends au Moyen-Orient. Il occupe des postes de responsabilit\u00e9 dans diverses organisations internationales dont la vice-pr\u00e9sidence du comit\u00e9 d'arbitrage de l'International Bar Association (IBA). Il est d\u00e9crit comme un leader r\u00e9fl\u00e9chi\u00a0en mati\u00e8re d'arbitrage par Who's Who Legal, et comme un \u00ab\u00a0avocat impressionnant\u00a0\u00bb par Chambers and Partners. Il a \u00e9t\u00e9 nomm\u00e9 Conseil de la Reine (Queen's Counsel) en reconnaissance de ses talents d'avocat en 2018.<\/p>\n<p style=\"text-align: justify;\">Il lit, \u00e9crit et parle couramment l'anglais, le fran\u00e7ais et le persan.<\/p>\n","protected":false},"excerpt":{"rendered":"<p>Membre du Conseil d'administration (depuis 2020) Reza Mohtashami KC est un avocat exp\u00e9riment\u00e9 sp\u00e9cialis\u00e9 dans l'arbitrage qui a repr\u00e9sent\u00e9 des clients dans plus de 80 arbitrages men\u00e9s selon des r\u00e8glements d'arbitrage diff\u00e9rents en des lieux diff\u00e9rents. Son domaine d'intervention se <a href=\"https:\/\/bcdr.org\/fr\/board-of-trustees\/reza-mohtashami-qc\/\" class=\"read-more\">Read More ...<\/a><\/p>\n","protected":false},"author":1,"featured_media":0,"parent":8051,"menu_order":0,"comment_status":"closed","ping_status":"closed","template":"","meta":{"pgc_sgb_lightbox_settings":"","footnotes":""},"class_list":["post-8417","page","type-page","status-publish","hentry"],"_links":{"self":[{"href":"https:\/\/bcdr.org\/fr\/wp-json\/wp\/v2\/pages\/8417","targetHints":{"allow":["GET"]}}],"collection":[{"href":"https:\/\/bcdr.org\/fr\/wp-json\/wp\/v2\/pages"}],"about":[{"href":"https:\/\/bcdr.org\/fr\/wp-json\/wp\/v2\/types\/page"}],"author":[{"embeddable":true,"href":"https:\/\/bcdr.org\/fr\/wp-json\/wp\/v2\/users\/1"}],"replies":[{"embeddable":true,"href":"https:\/\/bcdr.org\/fr\/wp-json\/wp\/v2\/comments?post=8417"}],"version-history":[{"count":0,"href":"https:\/\/bcdr.org\/fr\/wp-json\/wp\/v2\/pages\/8417\/revisions"}],"up":[{"embeddable":true,"href":"https:\/\/bcdr.org\/fr\/wp-json\/wp\/v2\/pages\/8051"}],"wp:attachment":[{"href":"https:\/\/bcdr.org\/fr\/wp-json\/wp\/v2\/media?parent=8417"}],"curies":[{"name":"wp","href":"https:\/\/api.w.org\/{rel}","templated":true}]}}